{"id":14,"date":"2018-03-09T16:02:01","date_gmt":"2018-03-09T14:02:01","guid":{"rendered":"https:\/\/www.textdive.com\/?page_id=14"},"modified":"2018-04-03T12:28:54","modified_gmt":"2018-04-03T10:28:54","slug":"home","status":"publish","type":"page","link":"https:\/\/www.textdive.com\/","title":{"rendered":"<img src=\"https:\/\/www.textdive.com\/wp-content\/uploads\/2018\/03\/BlackBlueText-60and48-font.png\" alt=\"TextDive\" \/> <br \/> <small>Machine learning, AI, Text analysis<\/small>"},"content":{"rendered":"<p>Olemme kehitt\u00e4neet koneoppimista ja teko\u00e4ly\u00e4 hy\u00f6dynt\u00e4v\u00e4n TextDive-ty\u00f6kalun, jonka metodeissa on pohjana \u00c5bo Akademissa tehty tohtority\u00f6. TextDive mahdollistaa suurten tekstimassojen nopean ja tehokkaan k\u00e4sittelyn. Ominaisuuksia ovat mm. nimien ja henkil\u00f6tunnusten anonymisointi, luokittelu erilaisiin kategorioihin sek\u00e4 sentimenttien eli tunnetilojen tunnistaminen.\u00a0TextDive-palvelu on integroitavissa WebAPI:n (REST) kautta muihin j\u00e4rjestelmiin. T\u00e4m\u00e4 mahdollistaa tekstimassojen automaattisen k\u00e4sittelyn asiakkaan muista j\u00e4rjestelmist\u00e4. <a href=\"http:\/\/ai.textdive.com\/swagger\/ui\/index#\/TextDive\">Lue tarkempi kuvaus rajapinnoista t\u00e4\u00e4lt\u00e4<\/a>.<\/p>\n","protected":false},"excerpt":{"rendered":"<p>Olemme kehitt\u00e4neet koneoppimista ja teko\u00e4ly\u00e4 hy\u00f6dynt\u00e4v\u00e4n TextDive-ty\u00f6kalun, jonka metodeissa on pohjana \u00c5bo Akademissa tehty tohtority\u00f6. TextDive mahdollistaa suurten tekstimassojen nopean ja tehokkaan k\u00e4sittelyn. Ominaisuuksia ovat mm. nimien ja henkil\u00f6tunnusten anonymisointi, luokittelu erilaisiin kategorioihin sek\u00e4 sentimenttien eli tunnetilojen tunnistaminen.\u00a0TextDive-palvelu on integroitavissa WebAPI:n (REST) kautta muihin j\u00e4rjestelmiin. T\u00e4m\u00e4 mahdollistaa tekstimassojen automaattisen k\u00e4sittelyn asiakkaan muista j\u00e4rjestelmist\u00e4. Lue tarkempi [&#8230;]<\/p>\n<p><a class=\"btn btn-secondary understrap-read-more-link\" href=\"https:\/\/www.textdive.com\/\">Read More&#8230;<span class=\"screen-reader-text\"> from <img decoding=\"async\" src=\"https:\/\/www.textdive.com\/wp-content\/uploads\/2018\/03\/BlackBlueText-60and48-font.png\" alt=\"TextDive\" \/> <br \/> <small>Machine learning, AI, Text analysis<\/small><\/span><\/a><\/p>\n","protected":false},"author":3,"featured_media":42,"parent":0,"menu_order":0,"comment_status":"closed","ping_status":"closed","template":"page-templates\/empty.php","meta":{"footnotes":""},"class_list":["post-14","page","type-page","status-publish","has-post-thumbnail","hentry"],"_links":{"self":[{"href":"https:\/\/www.textdive.com\/index.php\/wp-json\/wp\/v2\/pages\/14","targetHints":{"allow":["GET"]}}],"collection":[{"href":"https:\/\/www.textdive.com\/index.php\/wp-json\/wp\/v2\/pages"}],"about":[{"href":"https:\/\/www.textdive.com\/index.php\/wp-json\/wp\/v2\/types\/page"}],"author":[{"embeddable":true,"href":"https:\/\/www.textdive.com\/index.php\/wp-json\/wp\/v2\/users\/3"}],"replies":[{"embeddable":true,"href":"https:\/\/www.textdive.com\/index.php\/wp-json\/wp\/v2\/comments?post=14"}],"version-history":[{"count":18,"href":"https:\/\/www.textdive.com\/index.php\/wp-json\/wp\/v2\/pages\/14\/revisions"}],"predecessor-version":[{"id":136,"href":"https:\/\/www.textdive.com\/index.php\/wp-json\/wp\/v2\/pages\/14\/revisions\/136"}],"wp:featuredmedia":[{"embeddable":true,"href":"https:\/\/www.textdive.com\/index.php\/wp-json\/wp\/v2\/media\/42"}],"wp:attachment":[{"href":"https:\/\/www.textdive.com\/index.php\/wp-json\/wp\/v2\/media?parent=14"}],"curies":[{"name":"wp","href":"https:\/\/api.w.org\/{rel}","templated":true}]}}